{"id":119,"date":"2020-06-08T07:43:15","date_gmt":"2020-06-08T07:43:15","guid":{"rendered":"http:\/\/luthier.fi\/?page_id=119"},"modified":"2020-06-09T08:28:53","modified_gmt":"2020-06-09T08:28:53","slug":"kannatusjasenhakemus","status":"publish","type":"page","link":"https:\/\/luthier.fi\/index.php\/kannatusjasenhakemus\/","title":{"rendered":"Kannatusj\u00e4senhakemus"},"content":{"rendered":"\n<p><a href=\"http:\/\/luthier.fi\/index.php\/jasenhakemus\/\"><span style=\"color:#05659d\" class=\"has-inline-color\">&lt;&lt; Takaisin<\/span><\/a><\/p>\n\n\n\n<p><strong>Kannatusj\u00e4sen -vuosittainen j\u00e4senmaksu EUR 20 tai enemm\u00e4n (itse p\u00e4\u00e4tett\u00e4viss\u00e4)<\/strong><\/p>\n\n\n\n<p><br>Kannatusj\u00e4senen voit edesauttaa yhdistyst\u00e4 sen tavoitteiden saavuttamiseksi.<\/p>\n\n\n\n<p><br><span style=\"color:#616161\" class=\"has-inline-color\">Kannatusj\u00e4senyys oikeuttaa sinut osallistumaan yhdistyksen vuosikokoukseen, mutta ei anna sinulle \u00e4\u00e4nioikeutta. Yhdistyksen hallitus pid\u00e4tt\u00e4\u00e4 oikeuden hyv\u00e4ksy\u00e4 \/ hyl\u00e4t\u00e4 kannatusj\u00e4senyyshakemukset p\u00e4\u00e4t\u00f6ksens\u00e4 mukaan.<\/span><\/p>\n\n\n\n<hr class=\"wp-block-separator is-style-wide\"\/>\n\n\n\n<p><br><strong>Kannatusj\u00e4senhakemus<\/strong><br><strong>Suomen soitinrakentajien Kilta Ry:n kannatusj\u00e4senhakemus l\u00e4hetet\u00e4\u00e4n s\u00e4hk\u00f6postitse otsikolla &#8221;KANNATUSJ\u00c4SEN HAKEMUS&#8221;, johon sinun tulee liitt\u00e4\u00e4 alla olevat kysymykset vastauksineen.<\/strong><\/p>\n\n\n\n<p>L\u00e4het\u00e4 Suomen Soitinrakentajien Kilta Ry:n kannatusj\u00e4senhakemuksesi s\u00e4hk\u00f6postitse osoitteeseen:\u00a0<a rel=\"noreferrer noopener\" href=\"mailto:anssi.nuutinen@saunalahti.fi\" target=\"_blank\"><strong>anssi.nuutinen@saunalahti.fi<\/strong><\/a><\/p>\n\n\n\n<p><br><em><span style=\"color:#616161\" class=\"has-inline-color\">*Pakollinen tieto<\/span><\/em><\/p>\n\n\n\n<p class=\"has-medium-font-size\"><strong>Henkil\u00f6- ja yritystiedot:<\/strong><\/p>\n\n\n\n<ul><li><strong>*Nimi<\/strong><\/li><li><strong>Yrityksen nimi<\/strong><\/li><li><strong>*Postiosoite <\/strong><\/li><li><strong>*Postinumero<\/strong><\/li><li><strong>*Postitoimipaikka<\/strong><\/li><li><strong>*S\u00e4hk\u00f6posti<\/strong><\/li><li><strong>*J\u00e4senmaksun suuruus, <\/strong><em>minimi summa on EUR 20<\/em><\/li><li><strong>*Lis\u00e4tietoja<\/strong><\/li><\/ul>\n\n\n\n<p><br>L\u00e4hett\u00e4m\u00e4ll\u00e4 j\u00e4senhakemuksen hyv\u00e4ksyn yhdistyksen s\u00e4\u00e4nn\u00f6t ja sitoudun tukemaan sen tavoitteita parhaani mukaan. Jos hakemukseni jostain syyst\u00e4 hyl\u00e4t\u00e4\u00e4n, voin halutessasi hakea uudelleen j\u00e4senyytt\u00e4 aikaisintaan vuoden kuluttua edellisest\u00e4 hakemuksesta.<\/p>\n\n\n\n<div class=\"wp-block-file\"><a href=\"http:\/\/luthier.fi\/wp-content\/uploads\/2020\/06\/GFL.pdf\"><strong><span style=\"color:#05659d\" class=\"has-inline-color\">Suomen Soitinrakentajien Kilta ry:n s\u00e4\u00e4nn\u00f6t<\/span><\/strong><\/a><\/div>\n\n\n\n<p><br>J\u00e4senen velvollisuus on toimittaa yhdistykselle mahdolliset muuttuneet yhteystiedot. P\u00e4\u00e4asialliset yhdistyksen viestint\u00e4kanavat ovat s\u00e4hk\u00f6posti sek\u00e4 suljettu keskustelufoorumi.<\/p>\n\n\n\n<p><br>L\u00e4het\u00e4 Suomen Soitinrakentajien Kilta Ry:n kannatusj\u00e4senhakemuksesi s\u00e4hkopostitse osoitteeseen:&nbsp;<a rel=\"noreferrer noopener\" href=\"mailto:anssi.nuutinen@saunalahti.fi\" target=\"_blank\"><strong>anssi.nuutinen@saunalahti.fi<\/strong><\/a><\/p>\n","protected":false},"excerpt":{"rendered":"<p>&lt;&lt; Takaisin Kannatusj\u00e4sen -vuosittainen j\u00e4senmaksu EUR 20 tai enemm\u00e4n (itse p\u00e4\u00e4tett\u00e4viss\u00e4) Kannatusj\u00e4senen voit edesauttaa yhdistyst\u00e4 sen tavoitteiden saavuttamiseksi. Kannatusj\u00e4senyys oikeuttaa sinut osallistumaan yhdistyksen vuosikokoukseen, mutta ei anna sinulle \u00e4\u00e4nioikeutta. Yhdistyksen hallitus pid\u00e4tt\u00e4\u00e4 oikeuden hyv\u00e4ksy\u00e4 \/ hyl\u00e4t\u00e4 kannatusj\u00e4senyyshakemukset p\u00e4\u00e4t\u00f6ksens\u00e4 mukaan. Kannatusj\u00e4senhakemusSuomen soitinrakentajien Kilta Ry:n kannatusj\u00e4senhakemus l\u00e4hetet\u00e4\u00e4n s\u00e4hk\u00f6postitse otsikolla &#8221;KANNATUSJ\u00c4SEN HAKEMUS&#8221;, johon sinun tulee liitt\u00e4\u00e4 alla olevat &hellip; <\/p>\n<p class=\"link-more\"><a href=\"https:\/\/luthier.fi\/index.php\/kannatusjasenhakemus\/\" class=\"more-link\">Jatka lukemista<span class=\"screen-reader-text\"> &#8221;Kannatusj\u00e4senhakemus&#8221;<\/span><\/a><\/p>\n","protected":false},"author":1,"featured_media":0,"parent":0,"menu_order":0,"comment_status":"closed","ping_status":"closed","template":"","meta":[],"_links":{"self":[{"href":"https:\/\/luthier.fi\/index.php\/wp-json\/wp\/v2\/pages\/119"}],"collection":[{"href":"https:\/\/luthier.fi\/index.php\/wp-json\/wp\/v2\/pages"}],"about":[{"href":"https:\/\/luthier.fi\/index.php\/wp-json\/wp\/v2\/types\/page"}],"author":[{"embeddable":true,"href":"https:\/\/luthier.fi\/index.php\/wp-json\/wp\/v2\/users\/1"}],"replies":[{"embeddable":true,"href":"https:\/\/luthier.fi\/index.php\/wp-json\/wp\/v2\/comments?post=119"}],"version-history":[{"count":3,"href":"https:\/\/luthier.fi\/index.php\/wp-json\/wp\/v2\/pages\/119\/revisions"}],"predecessor-version":[{"id":292,"href":"https:\/\/luthier.fi\/index.php\/wp-json\/wp\/v2\/pages\/119\/revisions\/292"}],"wp:attachment":[{"href":"https:\/\/luthier.fi\/index.php\/wp-json\/wp\/v2\/media?parent=119"}],"curies":[{"name":"wp","href":"https:\/\/api.w.org\/{rel}","templated":true}]}}