{"id":9,"date":"2020-05-08T08:28:35","date_gmt":"2020-05-08T08:28:35","guid":{"rendered":"http:\/\/luthier.fi\/?page_id=9"},"modified":"2020-06-08T15:40:42","modified_gmt":"2020-06-08T15:40:42","slug":"toiminta","status":"publish","type":"page","link":"https:\/\/luthier.fi\/index.php\/toiminta\/","title":{"rendered":"TOIMINTA"},"content":{"rendered":"\n<p><strong>Suomen soitinrakentajien kilta on suomalaisten ammattisoitinrakentajien asioita edustava rekister\u00f6ity yhdistys. Yhdistyksen tarkoituksena on edist\u00e4\u00e4 suomalaisen soitinrakennus toimialan n\u00e4kyvyytt\u00e4 ja toimia soitinrakentajien yhteisty\u00f6verkoston yll\u00e4pit\u00e4j\u00e4n\u00e4.<\/strong><\/p>\n\n\n\n<p><br>Yhdistys on perustettu Ikaalisten soitinrakennusopiskelijoiden toimesta vuonna 1984 nimell\u00e4 Soitinrakennuksen Yst\u00e4v\u00e4t Ry, Yhdistyksen v\u00e4hitellen hiipunut toiminta k\u00e4ynnistettiin uudelleen silloisten opiskelijoiden ja nykyisten yritt\u00e4jien ja alan opetushenkil\u00f6st\u00f6n toimesta elokuussa 2009,  ja t\u0101ll\u00f5in yhdistyksen nimi ja s\u00e4\u00e4nn\u00f6t p\u00e4ivitettiin vastaamaan yhdistyksen uutta missiota.<\/p>\n\n\n\n<p><br>Yhdistyksen varsinaisiksi j\u00e4seniksi hyv\u00e4ksytaan suositusten perusteella Suomessa p\u00e4\u00e4toimenaan soitinrakennusalan yritys-, koulutus- tai muuta liiketoimintaa harjoittavia henkil\u00f6it\u00e4. Kannatusj\u00e4seneksi ovat tervetulleita kaikki halukkaat.<\/p>\n\n\n\n<p><br>Tarkoituksensa toteuttamiseksi yhdistys j\u0101rjest\u00e4\u00e4 konsertteja, opintomatkoja, n\u00e4yttelyit\u00e4 ja esitelm\u00e4tilaisuuksia sek\u00e4 harjoittaa opintokerho- kurssi- ja julkaisutoimintaa sek\u00e4 muilla samanlaisilla tavoilla pyrkii vaalimaan soitinrakennusperinnett\u00e4 Suomessa.<\/p>\n\n\n\n<figure class=\"wp-block-image size-large\"><img decoding=\"async\" loading=\"lazy\" width=\"250\" height=\"148\" src=\"http:\/\/luthier.fi\/wp-content\/uploads\/2020\/05\/gfl_founders.jpg\" alt=\"\" class=\"wp-image-84\"\/><figcaption> Kuvassa perustajaj\u00e4senet: A-P Paasonen, Ari-Jukka Luomaranta, Anssi Nuutinen, Lauri Tanner, Timo Mustonen, Tero Siromaa, Juha Lottonen, juha Ruokangas ja Rauno Nieminen<\/figcaption><\/figure>\n\n\n\n<p><\/p>\n\n\n\n<div class=\"wp-block-file\"><a href=\"http:\/\/luthier.fi\/wp-content\/uploads\/2020\/06\/GFL.pdf\"><span style=\"color:#05659d\" class=\"has-inline-color\">Suomen Soitinrakentajien Kilta ry:n s\u00e4\u00e4nn\u00f6t<\/span> <\/a><\/div>\n\n\n\n<p><\/p>\n","protected":false},"excerpt":{"rendered":"<p>Suomen soitinrakentajien kilta on suomalaisten ammattisoitinrakentajien asioita edustava rekister\u00f6ity yhdistys. Yhdistyksen tarkoituksena on edist\u00e4\u00e4 suomalaisen soitinrakennus toimialan n\u00e4kyvyytt\u00e4 ja toimia soitinrakentajien yhteisty\u00f6verkoston yll\u00e4pit\u00e4j\u00e4n\u00e4. Yhdistys on perustettu Ikaalisten soitinrakennusopiskelijoiden toimesta vuonna 1984 nimell\u00e4 Soitinrakennuksen Yst\u00e4v\u00e4t Ry, Yhdistyksen v\u00e4hitellen hiipunut toiminta k\u00e4ynnistettiin uudelleen silloisten opiskelijoiden ja nykyisten yritt\u00e4jien ja alan opetushenkil\u00f6st\u00f6n toimesta elokuussa 2009, ja t\u0101ll\u00f5in yhdistyksen &hellip; <\/p>\n<p class=\"link-more\"><a href=\"https:\/\/luthier.fi\/index.php\/toiminta\/\" class=\"more-link\">Jatka lukemista<span class=\"screen-reader-text\"> &#8221;TOIMINTA&#8221;<\/span><\/a><\/p>\n","protected":false},"author":1,"featured_media":0,"parent":0,"menu_order":0,"comment_status":"closed","ping_status":"closed","template":"","meta":[],"_links":{"self":[{"href":"https:\/\/luthier.fi\/index.php\/wp-json\/wp\/v2\/pages\/9"}],"collection":[{"href":"https:\/\/luthier.fi\/index.php\/wp-json\/wp\/v2\/pages"}],"about":[{"href":"https:\/\/luthier.fi\/index.php\/wp-json\/wp\/v2\/types\/page"}],"author":[{"embeddable":true,"href":"https:\/\/luthier.fi\/index.php\/wp-json\/wp\/v2\/users\/1"}],"replies":[{"embeddable":true,"href":"https:\/\/luthier.fi\/index.php\/wp-json\/wp\/v2\/comments?post=9"}],"version-history":[{"count":6,"href":"https:\/\/luthier.fi\/index.php\/wp-json\/wp\/v2\/pages\/9\/revisions"}],"predecessor-version":[{"id":285,"href":"https:\/\/luthier.fi\/index.php\/wp-json\/wp\/v2\/pages\/9\/revisions\/285"}],"wp:attachment":[{"href":"https:\/\/luthier.fi\/index.php\/wp-json\/wp\/v2\/media?parent=9"}],"curies":[{"name":"wp","href":"https:\/\/api.w.org\/{rel}","templated":true}]}}